{"id":7,"date":"2025-11-18T23:42:21","date_gmt":"2025-11-18T23:42:21","guid":{"rendered":"https:\/\/dev.deliriumludens.ch\/?page_id=7"},"modified":"2025-11-24T15:38:44","modified_gmt":"2025-11-24T15:38:44","slug":"40-ans-dhistoire-ludique","status":"publish","type":"page","link":"https:\/\/deliriumludens.ch\/de\/40-ans-dhistoire-ludique\/","title":{"rendered":"40 ans d&rsquo;histoire ludique!"},"content":{"rendered":"<p>[et_pb_section fb_built=\u00a0\u00bb1&Prime; _builder_version=\u00a0\u00bb4.16&Prime; global_colors_info=\u00a0\u00bb{}\u00a0\u00bb custom_padding=\u00a0\u00bb||30px|||\u00a0\u00bb][et_pb_row _builder_version=\u00a0\u00bb4.27.4&Prime; background_size=\u00a0\u00bbinitial\u00a0\u00bb background_position=\u00a0\u00bbtop_left\u00a0\u00bb background_repeat=\u00a0\u00bbrepeat\u00a0\u00bb hover_enabled=\u00a0\u00bb0&Prime; global_colors_info=\u00a0\u00bb{}\u00a0\u00bb sticky_enabled=\u00a0\u00bb0&Prime; custom_padding=\u00a0\u00bb||3px|||\u00a0\u00bb][et_pb_column type=\u00a0\u00bb4_4&Prime; _builder_version=\u00a0\u00bb4.16&Prime; custom_padding=\u00a0\u00bb|||\u00a0\u00bb global_colors_info=\u00a0\u00bb{}\u00a0\u00bb custom_padding__hover=\u00a0\u00bb|||\u00a0\u00bb][et_pb_text _builder_version=\u00a0\u00bb4.16&Prime; background_size=\u00a0\u00bbinitial\u00a0\u00bb background_position=\u00a0\u00bbtop_left\u00a0\u00bb background_repeat=\u00a0\u00bbrepeat\u00a0\u00bb global_colors_info=\u00a0\u00bb{}\u00a0\u00bb custom_margin=\u00a0\u00bb||15px|||\u00a0\u00bb]<!-- divi:paragraph --><\/p>\n<p>Das Unternehmen wurde im Oktober 1984 in einer ehemaligen Metzgerei, die eigentlich abgerissen werden sollte, (daher relativ niedrige Miete) gestartet. Nach mehrmaligen Standortwechseln fanden wir dann endlich das ideale Lokal.<\/p>\n<p><!-- \/divi:paragraph --><\/p>\n<p><!-- divi:paragraph --><\/p>\n<p>Nachdem das Sortiment anfangs fast nur aus \"bizarren\" Spielen (RPG, Wargames, Zinnfiguren, usw\u2026) bestand, musste das Angebot sehr schnell erweitert werden, da in einer Stadt wie Biel (Arbeiterstadt und bilingue, franz\u00f6sisch\/deutsch) eine solche Spezialisierung keine \u00dcberlebenschance hat.<\/p>\n<p><!-- \/divi:paragraph --><\/p>\n<p><!-- divi:paragraph --><\/p>\n<p>Daher wurde, beinahe von Beginn an und quasi von selbst, eine Erweiterung Richtung allgemeine Gesellschaftsspiele und Qualit\u00e4tspielzeug vorgenommen.<\/p>\n<p><!-- \/divi:paragraph --><\/p>\n<p><!-- divi:paragraph --><\/p>\n<p>In den Jahren 88\/89 kam das Jongliermaterial dazu und als letztes, Anfang 1999, da die Gr\u00f6sse des neuen Ladens es endlich erlaubte, die Puzzles.<\/p>\n<p><!-- \/divi:paragraph --><\/p>\n<p><!-- divi:paragraph --><\/p>\n<p>Von Anfang an hat sich Delirium Ludens GmbH nicht nur kommerziell mit seinem spezialisierten Angebot auf dem Gebiet der Spiele eingesetzt, sondern ebenfalls als Organisator oder Ko-Organisator von \u00f6ffentlichen Spiele-Veranstaltungen (Spiele-Wochenenden, Spiel-N\u00e4chte, Spiel-Bar in Biel, usw\u2026).<\/p>\n<p><!-- \/divi:paragraph --><\/p>\n<p><!-- divi:paragraph --><\/p>\n<p>Wir wollen nicht einfach Spiele wie Kartoffeln im Supermarkt \u00fcber die Theke schieben (wir haben nichts gegen Kartoffeln!), sondern wir m\u00f6chten, dass die Leute, denen wir Spiele verkaufen, auch damit spielen und Freude daran haben.<\/p>\n<p><!-- \/divi:paragraph --><\/p>\n<p><!-- divi:paragraph --><\/p>\n<p>Spielen ist ein wichtiger Bestandteil unseres Lebens, es bedeutet ausruhen und geniessen, aber auch dazulernen, gef\u00f6rdert und gefordet werden. Spielen ist Lebensschule!<\/p>\n<p><!-- \/divi:paragraph -->[\/et_pb_text][\/et_pb_column][\/et_pb_row][et_pb_row _builder_version=\u00a0\u00bb4.27.4&Prime; _module_preset=\u00a0\u00bbdefault\u00a0\u00bb custom_margin=\u00a0\u00bb-21px|auto||auto||\u00a0\u00bb][et_pb_column _builder_version=\u00a0\u00bb4.27.4&Prime; _module_preset=\u00a0\u00bbdefault\u00a0\u00bb type=\u00a0\u00bb4_4&Prime;][et_pb_gallery _builder_version=\u00a0\u00bb4.27.4&Prime; _module_preset=\u00a0\u00bbdefault\u00a0\u00bb gallery_ids=\u00a0\u00bb64,65,66,67&Prime; hover_enabled=\u00a0\u00bb0&Prime; sticky_enabled=\u00a0\u00bb0&Prime; fullwidth=\u00a0\u00bbon\u00a0\u00bb][\/et_pb_gallery][\/et_pb_column][\/et_pb_row][\/et_pb_section]<\/p>","protected":false},"excerpt":{"rendered":"<p>Delirium Ludens a d\u00e9but\u00e9 en octobre 1984 dans le local d&rsquo;une ancienne boucherie destin\u00e9e \u00e0 la d\u00e9molition (loyer assez bas). Apr\u00e8s plusieurs d\u00e9m\u00e9nagements, nous\u00a0sommes \u00e0 notre adresse actuelle. Alors qu&rsquo;au d\u00e9but, l&rsquo;assortiment ne comptait quasiment que des jeux \u00ab\u00a0bizarres\u00a0\u00bb (RPG, wargames, figurines, etc&#8230;, tr\u00e8s vite la diversification de l&rsquo;offre s&rsquo;est impos\u00e9e. En effet la ville [&hellip;]<\/p>","protected":false},"author":1,"featured_media":0,"parent":0,"menu_order":0,"comment_status":"closed","ping_status":"closed","template":"","meta":{"_et_pb_use_builder":"on","_et_pb_old_content":"<!-- wp:paragraph -->\n<p>Delirium Ludens a d\u00e9but\u00e9 en octobre 1984 dans le local d'une ancienne boucherie destin\u00e9e \u00e0 la d\u00e9molition (loyer assez bas). Apr\u00e8s plusieurs d\u00e9m\u00e9nagements, nous\u00a0sommes \u00e0 notre adresse actuelle.<\/p>\n<!-- \/wp:paragraph -->\n\n<!-- wp:paragraph -->\n<p>Alors qu'au d\u00e9but, l'assortiment ne comptait quasiment que des jeux \"bizarres\" (RPG, wargames, figurines, etc..., tr\u00e8s vite la diversification de l'offre s'est impos\u00e9e. En effet la ville et sa situation (ville ouvri\u00e8re et bilingue fran\u00e7ais\/allemand) ne permet pas \u00e0 une offre aussi sp\u00e9cialis\u00e9e de survivre.<\/p>\n<!-- \/wp:paragraph -->\n\n<!-- wp:paragraph -->\n<p>Donc tr\u00e8s vite, quasiment de soi-m\u00eame, s'est op\u00e9r\u00e9e une diversification vers le jeu de soci\u00e9t\u00e9 en g\u00e9n\u00e9ral et le jouet de qualit\u00e9.<\/p>\n<!-- \/wp:paragraph -->\n\n<!-- wp:paragraph -->\n<p>Dans les ann\u00e9es 88-89 s'est \u00e9galement ajout\u00e9 le rayon jonglage suivi d\u00e9but 1999 suite \u00e0 une augmentation de la surface du Puzzle.<\/p>\n<!-- \/wp:paragraph -->\n\n<!-- wp:paragraph -->\n<p>D\u00e8s le d\u00e9but, Delirium Ludens S\u00e0rl s'est investi dans le domaine du jeu, non seulement en tant que \"commerce sp\u00e9cialis\u00e9\", mais \u00e9galement dans l'organisation ou la&nbsp; co-organisation de manifestations publiques sur le jeu (week-ends jeux, soir\u00e9es-jeux, le Bar \u00e0 Jeux de Bienne, la croisi\u00e8re-Jeux des 3-lacs, &nbsp;etc...).<\/p>\n<!-- \/wp:paragraph -->\n\n<!-- wp:paragraph -->\n<p>Nous ne voulons pas nous contenter de vendre des jeux comme sont vendues les patates dans les super-march\u00e9s (nous n'avons rien contre les pommes-de-terre!). Nous voulons que les gens jouent avec les jeux que nous leurs vendons et y trouvent du plaisir.<\/p>\n<!-- \/wp:paragraph -->\n\n<!-- wp:paragraph -->\n<p>Le jeu est un \u00e9l\u00e9ment important de notre vie. Le jeu est r\u00e9cr\u00e9atif, le jeu est \u00e9ducation, le jeu est \u00e9cole de vie.<\/p>\n<!-- \/wp:paragraph -->","_et_gb_content_width":"1080","footnotes":""},"class_list":["post-7","page","type-page","status-publish","hentry"],"_links":{"self":[{"href":"https:\/\/deliriumludens.ch\/de\/wp-json\/wp\/v2\/pages\/7","targetHints":{"allow":["GET"]}}],"collection":[{"href":"https:\/\/deliriumludens.ch\/de\/wp-json\/wp\/v2\/pages"}],"about":[{"href":"https:\/\/deliriumludens.ch\/de\/wp-json\/wp\/v2\/types\/page"}],"author":[{"embeddable":true,"href":"https:\/\/deliriumludens.ch\/de\/wp-json\/wp\/v2\/users\/1"}],"replies":[{"embeddable":true,"href":"https:\/\/deliriumludens.ch\/de\/wp-json\/wp\/v2\/comments?post=7"}],"version-history":[{"count":7,"href":"https:\/\/deliriumludens.ch\/de\/wp-json\/wp\/v2\/pages\/7\/revisions"}],"predecessor-version":[{"id":73,"href":"https:\/\/deliriumludens.ch\/de\/wp-json\/wp\/v2\/pages\/7\/revisions\/73"}],"wp:attachment":[{"href":"https:\/\/deliriumludens.ch\/de\/wp-json\/wp\/v2\/media?parent=7"}],"curies":[{"name":"wp","href":"https:\/\/api.w.org\/{rel}","templated":true}]}}