{"id":2,"date":"2025-11-18T23:28:28","date_gmt":"2025-11-18T23:28:28","guid":{"rendered":"https:\/\/dev.deliriumludens.ch\/?page_id=2"},"modified":"2025-11-25T12:57:14","modified_gmt":"2025-11-25T12:57:14","slug":"home","status":"publish","type":"page","link":"https:\/\/deliriumludens.ch\/de\/","title":{"rendered":"\u00d6ffnungszeiten zum Jahresende"},"content":{"rendered":"<div class=\"wp-block-columns horaires_fetes has-white-color has-text-color has-background has-link-color wp-elements-07e380e13ae52f74f3dd11105e90d25e is-layout-flex wp-container-core-columns-is-layout-9d6595d7 wp-block-columns-is-layout-flex\" style=\"background-color:#49c9cb\">\n<div class=\"wp-block-column is-layout-flow wp-block-column-is-layout-flow\">\n<p>Je\/Do 4 &amp; 11 : Ge\u00f6ffnet bis 21.00<\/p>\n\n\n\n<p><strong>14<\/strong>&nbsp;<strong>dimanche\/Sonntag&nbsp;: 11.00 \u2013 16.00<\/strong><\/p>\n\n\n\n<p><strong>15, 16 &amp; 17 :<\/strong> 9.00 \u2013 18.30<\/p>\n\n\n\n<p><strong>18. je\/Do : <\/strong>9.00 \u2013 21.00<\/p>\n\n\n\n<p><strong>29. ve\/Fr : <\/strong>9.00 \u2013 18.30<\/p>\n\n\n\n<p><strong>20. sa\/Sa :<\/strong> 9.00 \u2013 17.00<\/p>\n\n\n\n<p><strong>21&nbsp;dimanche\/Sonntag&nbsp;: 10.00 \u2013 17.00<\/strong><\/p>\n\n\n\n<p>22 lu\/Mo : 9.00 \u2013 18.30<\/p>\n<\/div>\n\n\n\n<div class=\"wp-block-column is-layout-flow wp-block-column-is-layout-flow\">\n<p>23 ma\/Di : 9.00 \u2013 18.30<\/p>\n\n\n\n<p>24 me\/Mi : 9.00 \u2013 17.00<\/p>\n\n\n\n<p><strong>25 &amp; 26 : ferm\u00e9 \/ geschlossen<\/strong><\/p>\n\n\n\n<p>27 sa\/Sa : 9.00 \u2013 17.00<\/p>\n\n\n\n<p><strong>28&nbsp;<\/strong><strong>dimanche\/Sonntag :&nbsp;<\/strong><strong>ferm\u00e9 \/ geschlossen<\/strong><\/p>\n\n\n\n<p>29 &amp; 30 : 9.30 \u2013 18.30<\/p>\n\n\n\n<p>31.12.24 ma\/Di : 9.30 \u2013 17.00<\/p>\n<\/div>\n<\/div>\n\n\n\n<hr class=\"wp-block-separator has-alpha-channel-opacity\"\/>\n\n\n\n<p>Mit \u00fcber 10'000 Artikeln in seinem Sortiment ist Delirium Ludens <strong>der Spieleladen in Biel, den man nicht verpassen darf<\/strong>.<\/p>\n\n\n\n<p>Bei Delirium Ludens finden Sie sowohl die gro\u00dfen Klassiker als auch die neuesten Neuheiten: Kinderspiele, Expertenspiele, Knobelspiele, kooperative Spiele, schnelle Runden unter Freunden oder lange strategische Abende. Wir legen gro\u00dfen Wert darauf, unsere Leidenschaft zu teilen, Ihnen spielerische Sch\u00e4tze zu zeigen und gemeinsam mit Ihnen unvergessliche Momente am Spieletisch zu erleben.<\/p>\n\n\n\n<p>Ob Sie ein Geschenk, ein episches Abenteuer, ein Familienspiel oder ein originelles Erlebnis suchen, <strong>unser Laden ist ein wahres Paradies f\u00fcr Spielerinnen und Spieler<\/strong>. Kommen Sie vorbei, st\u00f6bern Sie in unseren Regalen, stellen Sie Fragen, testen Sie, diskutieren Sie\u2026 und gehen Sie mit Ihrem n\u00e4chsten Lieblingsspiel nach Hause!<\/p>\n\n\n\n<p><\/p>\n\n\n\n<p style=\"text-align: center;\"><iframe src=\"https:\/\/www.google.com\/maps\/embed?pb=!4v1763992295894!6m8!1m7!1sCAoSLEFGMVFpcE9IV0hnQ2tPMnZIWkVEWEJJd2hHbUMxNGVJS0dmRWswbVRXc1NB!2m2!1d47.13967138230063!2d7.245035893782258!3f330.7215234535011!4f-26.80451797524327!5f0.40251797913493803\" width=\"100%\" height=\"500\" style=\"border: 0;\" allowfullscreen=\"\" loading=\"lazy\" referrerpolicy=\"no-referrer-when-downgrade\"><\/iframe><\/p>","protected":false},"excerpt":{"rendered":"<p>Je\/Do 4 &amp; 11 : Ouvert jusqu&rsquo;\u00e0 21.00 14&nbsp;dimanche\/Sonntag&nbsp;: 11.00 \u2013 16.00 15, 16 &amp; 17 : 9.00 \u2013 18.30 18. je\/Do : 9.00 \u2013 21.00 29. ve\/Fr : 9.00 \u2013 18.30 20. sa\/Sa : 9.00 \u2013 17.00 21&nbsp;dimanche\/Sonntag&nbsp;: 10.00 \u2013 17.00 22 lu\/Mo : 9.00 \u2013 18.30 23 ma\/Di : 9.00 \u2013 18.30 24 [&hellip;]<\/p>","protected":false},"author":1,"featured_media":0,"parent":0,"menu_order":0,"comment_status":"closed","ping_status":"open","template":"","meta":{"_et_pb_use_builder":"off","_et_pb_old_content":"<!-- wp:paragraph -->\n<p>Avec plus de 10'000 r\u00e9f\u00e9rences dans son assortiment, Delirium Ludens c\u2019est <strong>LE magasin de jeux de soci\u00e9t\u00e9 \u00e0 ne pas rater \u00e0 Bienne<\/strong>.<\/p>\n<!-- \/wp:paragraph -->\n\n<!-- wp:paragraph -->\n<p>Chez Delirium Ludens, vous trouverez aussi bien les grands classiques que les derni\u00e8res nouveaut\u00e9s, des jeux pour enfants, des jeux experts, des casse-t\u00eates, des jeux coop\u00e9ratifs, des parties rapides entre amis ou de longues soir\u00e9es strat\u00e9giques. Nous mettons un point d\u2019honneur \u00e0 partager notre passion, \u00e0 vous faire d\u00e9couvrir des p\u00e9pites ludiques et \u00e0 cr\u00e9er avec vous des moments inoubliables autour de la table.<\/p>\n<!-- \/wp:paragraph -->\n\n<!-- wp:paragraph -->\n<p>Que vous cherchiez un cadeau, une aventure \u00e9pique, un jeu familial ou une exp\u00e9rience originale, <strong>notre boutique est un v\u00e9ritable paradis pour les joueurs<\/strong>. Venez explorer nos rayons, poser vos questions, tester, discuter\u2026 et repartir avec votre prochain coup de c\u0153ur !<\/p>\n<!-- \/wp:paragraph -->\n\n<!-- wp:paragraph -->\n<p><\/p>\n<!-- \/wp:paragraph -->\n\n<!-- wp:html -->\n<p style=\"text-align: center;\"><iframe src=\"https:\/\/www.google.com\/maps\/embed?pb=!4v1763992295894!6m8!1m7!1sCAoSLEFGMVFpcE9IV0hnQ2tPMnZIWkVEWEJJd2hHbUMxNGVJS0dmRWswbVRXc1NB!2m2!1d47.13967138230063!2d7.245035893782258!3f330.7215234535011!4f-26.80451797524327!5f0.40251797913493803\" width=\"100%\" height=\"500\" style=\"border: 0;\" allowfullscreen=\"\" loading=\"lazy\" referrerpolicy=\"no-referrer-when-downgrade\"><\/iframe><\/p>\n<!-- \/wp:html -->","_et_gb_content_width":"1080","footnotes":""},"class_list":["post-2","page","type-page","status-publish","hentry"],"_links":{"self":[{"href":"https:\/\/deliriumludens.ch\/de\/wp-json\/wp\/v2\/pages\/2","targetHints":{"allow":["GET"]}}],"collection":[{"href":"https:\/\/deliriumludens.ch\/de\/wp-json\/wp\/v2\/pages"}],"about":[{"href":"https:\/\/deliriumludens.ch\/de\/wp-json\/wp\/v2\/types\/page"}],"author":[{"embeddable":true,"href":"https:\/\/deliriumludens.ch\/de\/wp-json\/wp\/v2\/users\/1"}],"replies":[{"embeddable":true,"href":"https:\/\/deliriumludens.ch\/de\/wp-json\/wp\/v2\/comments?post=2"}],"version-history":[{"count":15,"href":"https:\/\/deliriumludens.ch\/de\/wp-json\/wp\/v2\/pages\/2\/revisions"}],"predecessor-version":[{"id":171,"href":"https:\/\/deliriumludens.ch\/de\/wp-json\/wp\/v2\/pages\/2\/revisions\/171"}],"wp:attachment":[{"href":"https:\/\/deliriumludens.ch\/de\/wp-json\/wp\/v2\/media?parent=2"}],"curies":[{"name":"wp","href":"https:\/\/api.w.org\/{rel}","templated":true}]}}